{"id":358,"date":"2013-12-25T14:30:46","date_gmt":"2013-12-25T14:30:46","guid":{"rendered":"http:\/\/www.zoidbergprojekt.org\/?page_id=358"},"modified":"2024-03-16T19:15:54","modified_gmt":"2024-03-16T19:15:54","slug":"zoidberg-and-project","status":"publish","type":"page","link":"https:\/\/www.zpr.sk\/es_CL\/zoidberg-and-project\/","title":{"rendered":"El Proyecto Familia Zoidberg"},"content":{"rendered":"<div class=\"wp-block-image is-style-rounded\">\n<figure class=\"aligncenter size-medium\"><img loading=\"lazy\" decoding=\"async\" width=\"300\" height=\"300\" src=\"https:\/\/www.zpr.sk\/wp-content\/uploads\/2013\/02\/ZPdetail-300x300.jpg\" alt=\"\" class=\"wp-image-155\" srcset=\"https:\/\/www.zpr.sk\/wp-content\/uploads\/2013\/02\/ZPdetail-300x300.jpg 300w, https:\/\/www.zpr.sk\/wp-content\/uploads\/2013\/02\/ZPdetail-150x150.jpg 150w, https:\/\/www.zpr.sk\/wp-content\/uploads\/2013\/02\/ZPdetail-360x360.jpg 360w, https:\/\/www.zpr.sk\/wp-content\/uploads\/2013\/02\/ZPdetail.jpg 600w\" sizes=\"(max-width: 300px) 100vw, 300px\" \/><\/figure><\/div>\n\n\n<p>Zoidberg es cada miembro de la familia, una personaje individual y en uni\u00f3n, no tiene inter\u00e9s en mentiras pero libremente expresar sus ideas, actividades y deseos &#8230;<\/p>\n\n\n\n<p>Yo como&nbsp; Zoidberg, trato de formar la familia en empresa y empresa en familia, mientras esta p\u00e1gina es s\u00f3lo un espacio infinitamente peque\u00f1o para demonstrar estas relaciones .. creadores present\u00e1ndose con sus ideas, trabajos y modos de vivir &#8230;<\/p>\n\n\n\n<p>En este lugar encuentras con todas nuestros esfuerzos cambiar algo en este mundo. Somos dos hermanos y nuestros compa\u00f1eros enfocados en arquitectura, arte visual y filosof\u00edas vivientes (circuitos en el men\u00fa) con fervor y deseo de sostenibilidad.<\/p>\n\n\n\n<p>Colaboramos y desarrollamos todo que hemos empezado y&nbsp;nos alegra encuentro con vos intereses.<\/p>\n\n\n\n<p><a href=\"http:\/\/www.zoidbergprojekt.org\/wp-content\/uploads\/2013\/02\/ZPdetail.jpg\"><\/a><\/p>\n","protected":false},"excerpt":{"rendered":"<p><!-- wp:image {\"align\":\"center\",\"id\":155,\"sizeSlug\":\"medium\",\"linkDestination\":\"none\",\"className\":\"is-style-rounded\"} --><\/p>\n<figure class=\"wp-block-image aligncenter size-medium is-style-rounded\"><img decoding=\"async\" src=\"https:\/\/www.zpr.sk\/wp-content\/uploads\/2013\/02\/...\n<\/p>\n","protected":false},"author":5,"featured_media":155,"parent":0,"menu_order":0,"comment_status":"closed","ping_status":"open","template":"","meta":{"footnotes":""},"_links":{"self":[{"href":"https:\/\/www.zpr.sk\/es_CL\/wp-json\/wp\/v2\/pages\/358"}],"collection":[{"href":"https:\/\/www.zpr.sk\/es_CL\/wp-json\/wp\/v2\/pages"}],"about":[{"href":"https:\/\/www.zpr.sk\/es_CL\/wp-json\/wp\/v2\/types\/page"}],"author":[{"embeddable":true,"href":"https:\/\/www.zpr.sk\/es_CL\/wp-json\/wp\/v2\/users\/5"}],"replies":[{"embeddable":true,"href":"https:\/\/www.zpr.sk\/es_CL\/wp-json\/wp\/v2\/comments?post=358"}],"version-history":[{"count":13,"href":"https:\/\/www.zpr.sk\/es_CL\/wp-json\/wp\/v2\/pages\/358\/revisions"}],"predecessor-version":[{"id":1334,"href":"https:\/\/www.zpr.sk\/es_CL\/wp-json\/wp\/v2\/pages\/358\/revisions\/1334"}],"wp:featuredmedia":[{"embeddable":true,"href":"https:\/\/www.zpr.sk\/es_CL\/wp-json\/wp\/v2\/media\/155"}],"wp:attachment":[{"href":"https:\/\/www.zpr.sk\/es_CL\/wp-json\/wp\/v2\/media?parent=358"}],"curies":[{"name":"wp","href":"https:\/\/api.w.org\/{rel}","templated":true}]}}